{"id":635,"date":"2016-06-19T22:11:27","date_gmt":"2016-06-19T20:11:27","guid":{"rendered":"http:\/\/coaching-szkolenia.wroclaw.pl\/?page_id=635"},"modified":"2021-08-19T21:55:15","modified_gmt":"2021-08-19T19:55:15","slug":"psycholog_pedagog","status":"publish","type":"page","link":"https:\/\/wieczorek-malecka.pl\/","title":{"rendered":"Psycholog Pedagog"},"content":{"rendered":"<p>[vc_row equal_height=&#8221;yes&#8221;][vc_column][vc_row_inner equal_height=&#8221;yes&#8221;][vc_column_inner width=&#8221;3\/4&#8243;][vc_cta h2=&#8221;Gabinet Rozwoju Osobistego&#8221; h2_font_container=&#8221;font_size:45|color:%23333333&#8243; h2_use_theme_fonts=&#8221;yes&#8221; h4=&#8221;Katarzyna Wieczorek-Ma\u0142ecka&#8221; h4_font_container=&#8221;font_size:38|color:%23333333&#8243; h4_use_theme_fonts=&#8221;yes&#8221; shape=&#8221;square&#8221; color=&#8221;grey&#8221; css_animation=&#8221;left-to-right&#8221; use_custom_fonts_h2=&#8221;true&#8221; use_custom_fonts_h4=&#8221;true&#8221; css=&#8221;.vc_custom_1466405539469{background-color: #f3f3f3 !important;background-position: center !important;background-repeat: no-repeat !important;background-size: cover !important;}&#8221;]Psycholog, Pedagog, Coach, Trener[\/vc_cta][\/vc_column_inner][vc_column_inner width=&#8221;1\/4&#8243;]<ul class=\"list-unstyled\">\n\t\t\t<li class=\"\">\n\t\t\t\t<strong><i class=\"fa fa-phone\"><\/i>&nbsp;&nbsp;<\/strong>\n\t\t\t\t<span>79-33-11-151<\/span>\n\t\t\t<\/li>\n\t\t\t<li class=\"\">\n\t\t\t\t<strong><i class=\"fa fa-envelope\"><\/i>&nbsp;&nbsp;<\/strong>\n\t\t\t\t<span>wieczorek.malecka@protonmail.com<\/span>\n\t\t\t<\/li><\/ul>[\/vc_column_inner][\/vc_row_inner][\/vc_column][\/vc_row][vc_row][vc_column width=&#8221;1\/3&#8243;][vc_single_image image=&#8221;883&#8243; alignment=&#8221;center&#8221; style=&#8221;vc_box_circle&#8221; onclick=&#8221;custom_link&#8221; css_animation=&#8221;left-to-right&#8221; title=&#8221;Terapia dzieci i m\u0142odzie\u017cy&#8221;][vc_column_text css_animation=&#8221;left-to-right&#8221;]<\/p>\n<p style=\"text-align: center;\">Psycholog dzieci\u0119cy pomo\u017ce Waszemu dziecku w trudno\u015bciach emocjonalnych (agresja,l\u0119ki, nie\u015bmia\u0142o\u015b\u0107, stres), szkolnych (nauce), w relacjach z r\u00f3wie\u015bnikami, z zani\u017con\u0105 samoocen\u0105, w trudno\u015bciach z od\u017cywianiem, ale tak\u017ce wesprze w wyborze dalszego kierunku kszta\u0142cenia. Natomiast Wam rodzicom pomo\u017ce w trudno\u015bciach wychowawczych, a tak\u017ce budowaniu i podnoszeniu kompetencji rodzicielskich.<\/p>\n<p>[\/vc_column_text][\/vc_column][vc_column width=&#8221;1\/3&#8243;][vc_single_image image=&#8221;169&#8243; alignment=&#8221;center&#8221; style=&#8221;vc_box_circle&#8221; onclick=&#8221;custom_link&#8221; css_animation=&#8221;bottom-to-top&#8221; title=&#8221;Terapia rodzinna&#8221;][vc_column_text css_animation=&#8221;top-to-bottom&#8221;]<\/p>\n<p style=\"text-align: center;\">Psycholog rodzinny wspiera wszystkich cz\u0142onk\u00f3w rodziny w sytuacji konflikt\u00f3w, nieporozumie\u0144, ale r\u00f3wnie\u017c wa\u017cnych zmian w \u017cyciu czy te\u017c nieoczekiwanych traum. Pomaga w trudno\u015bciach emocjonalnych, wychowawczych a tak\u017ce w chwilach rozpadu rodziny czy te\u017c budowania jej na nowo wraz z nowymi jej cz\u0142onkami.<\/p>\n<p>[\/vc_column_text][\/vc_column][vc_column width=&#8221;1\/3&#8243;][vc_single_image image=&#8221;890&#8243; alignment=&#8221;center&#8221; style=&#8221;vc_box_circle&#8221; onclick=&#8221;custom_link&#8221; css_animation=&#8221;right-to-left&#8221; title=&#8221;Terapia dla doros\u0142ych&#8221; el_class=&#8221;ajax-fac&#8221;][vc_column_text css_animation=&#8221;right-to-left&#8221;]<\/p>\n<p style=\"text-align: center;\">Psycholog dla doros\u0142ych jest Twoim wsparciem, gdy\u017c masz trudno\u015bci emocjonalne, l\u0119ki, trudno\u015bci z od\u017cywianiem, czujesz si\u0119 zestresowany, w ci\u0105g\u0142ym napi\u0119ciu i dyskomforcie psychicznym. Psycholog pomo\u017ce Ci r\u00f3wnie\u017c wtedy, gdy czujesz, \u017ce co\u015b jest po prostu nie tak, ale sam nie wiesz co. Specjalista to dobre rozwi\u0105zanie r\u00f3wnie\u017c przypadku trudno\u015bci w<br \/>\nzwi\u0105zku, ma\u0142\u017ce\u0144stwie czy te\u017c przy podejmowaniu decyzji o rozstaniu, ale r\u00f3wnie\u017c wa\u017cnych zmian w \u017cyciu czy te\u017c nieoczekiwanych traum. Jest wsparciem r\u00f3wnie\u017c w sytuacji \u015bmierci bliskiej osoby i prze\u017cywaniu \u017ca\u0142oby.[\/vc_column_text][\/vc_column][\/vc_row][vc_row][vc_column width=&#8221;1\/3&#8243;][vc_single_image image=&#8221;886&#8243; alignment=&#8221;center&#8221; style=&#8221;vc_box_circle&#8221; onclick=&#8221;custom_link&#8221; css_animation=&#8221;left-to-right&#8221; title=&#8221;Terapia par&#8221;][vc_column_text css_animation=&#8221;left-to-right&#8221;]<\/p>\n<p style=\"text-align: center;\">Terapia dla par jest rozwi\u0105zaniem dla Was, gdy borykacie si\u0119 z konfliktami, nieporozumieniami, gdy przechodzicie kryzys lub \u201eniezdefiniowany\u201d problem, gdy coraz bardziej oddalacie si\u0119 od siebie i mijacie w wytyczonych wcze\u015bniej celach i warto\u015bciach. To wsparcie r\u00f3wnie\u017c w sytuacji powa\u017cnych zmian w \u017cyciu, wej\u015bcia w nowe role, np. mamy i taty.<\/p>\n<p>[\/vc_column_text][\/vc_column][vc_column width=&#8221;1\/3&#8243;][vc_single_image image=&#8221;887&#8243; alignment=&#8221;center&#8221; style=&#8221;vc_box_circle&#8221; onclick=&#8221;zoom&#8221; css_animation=&#8221;bottom-to-top&#8221; title=&#8221;Warsztaty dla rodzic\u00f3w&#8221;][vc_column_text css_animation=&#8221;top-to-bottom&#8221;]<\/p>\n<p style=\"text-align: center;\">Warsztaty dla rodzic\u00f3w to interesuj\u0105ce, praktyczno-teoretyczno, kilkugodzinne spotkania dla rodzic\u00f3w dzieci w r\u00f3\u017cnym wieku, ale r\u00f3wnie\u017c dla tych, kt\u00f3rzy oczekuj\u0105\/planuj\u0105 potomstwo. Warsztaty s\u0105 dla Was zar\u00f3wno wsparciem jak i mo\u017cliwo\u015bci\u0105 poszerzenia, zweryfikowania swej wiedzy odno\u015bnie swoich dzieci, ich funkcjonowania i rozwoju. S\u0105 odpowiedzi\u0105 na wiele pyta\u0144, obaw ale i niewiedz\u0119 wielu rodzic\u00f3w, z kt\u00f3rymi mia\u0142am przyjemno\u015b\u0107 pracowa\u0107, st\u0105d te\u017c s\u0105 realnym odzwierciedleniem Waszych potrzeb.<\/p>\n<p>[\/vc_column_text][\/vc_column][vc_column width=&#8221;1\/3&#8243;][vc_single_image image=&#8221;270&#8243; alignment=&#8221;center&#8221; style=&#8221;vc_box_circle&#8221; onclick=&#8221;custom_link&#8221; css_animation=&#8221;right-to-left&#8221; title=&#8221;Sesja OnLine&#8221;][vc_column_text css_animation=&#8221;right-to-left&#8221;]<\/p>\n<p style=\"text-align: center;\">Sesja OnLine to wyb\u00f3r dla Ciebie, gdy potrzebujesz wsparcia psychologicznego, a nie masz mo\u017cliwo\u015bci (z r\u00f3\u017cnych wzgl\u0119d\u00f3w) udania si\u0119 na bezpo\u015bredni\u0105 wizyt\u0119 do psychologa. Forma pomocy obejmuje tu zar\u00f3wno psychologa dzieci\u0119cego jak i dla doros\u0142ych. Pami\u0119taj jednak, \u017ce nie jest to r\u00f3wnoznaczne z efektywno\u015bci\u0105 i jako\u015bci\u0105 spotka\u0144 \u201eface to face\u201d w gabinecie.<\/p>\n<p>[\/vc_column_text][\/vc_column][\/vc_row][vc_row][vc_column width=&#8221;1\/3&#8243;][\/vc_column][vc_column width=&#8221;1\/3&#8243;][vc_single_image image=&#8221;889&#8243; alignment=&#8221;center&#8221; style=&#8221;vc_box_circle&#8221; onclick=&#8221;custom_link&#8221; css_animation=&#8221;top-to-bottom&#8221; title=&#8221;Coaching&#8221;][vc_column_text css_animation=&#8221;bottom-to-top&#8221;]<\/p>\n<p style=\"text-align: center;\">Coaching jest Twoim wyborem, gdy potrzebujesz szybkich zmian w swoim \u017cyciu i pragniesz zrealizowa\u0107 swoje marzenia oraz pragnienia. To r\u00f3wnie\u017c rozwi\u0105zanie dla Ciebie, kiedy czujesz, \u017ce \u201eutkn\u0105\u0142e\u015b\u201d w jednym miejscu i nie wiesz co dalej, albo\/i jak dalej i\u015b\u0107 naprz\u00f3d. Dzi\u0119ki coachingowi pog\u0142\u0119bisz samo\u015bwiadomo\u015b\u0107 i znajdziesz odpowied\u017a na nurtuj\u0105ce Ci\u0119 pytania.<\/p>\n<p>[\/vc_column_text][\/vc_column][vc_column width=&#8221;1\/3&#8243;][\/vc_column][\/vc_row][vc_row][vc_column][vc_column_text]&nbsp;[\/vc_column_text][\/vc_column][\/vc_row]<\/p>\n","protected":false},"excerpt":{"rendered":"<p>[vc_row equal_height=&#8221;yes&#8221;][vc_column][vc_row_inner equal_height=&#8221;yes&#8221;][vc_column_inner width=&#8221;3\/4&#8243;][vc_cta h2=&#8221;Gabinet Rozwoju Osobistego&#8221; h2_font_container=&#8221;font_size:45|color:%23333333&#8243; h2_use_theme_fonts=&#8221;yes&#8221; h4=&#8221;Katarzyna Wieczorek-Ma\u0142ecka&#8221; h4_font_container=&#8221;font_size:38|color:%23333333&#8243; h4_use_theme_fonts=&#8221;yes&#8221; shape=&#8221;square&#8221; color=&#8221;grey&#8221; css_animation=&#8221;left-to-right&#8221; use_custom_fonts_h2=&#8221;true&#8221; use_custom_fonts_h4=&#8221;true&#8221; css=&#8221;.vc_custom_1466405539469{background-color: #f3f3f3 [&hellip;]<\/p>\n","protected":false},"author":1,"featured_media":0,"parent":0,"menu_order":0,"comment_status":"closed","ping_status":"closed","template":"page-pagebuilder.php","meta":[],"_links":{"self":[{"href":"https:\/\/wieczorek-malecka.pl\/index.php?rest_route=\/wp\/v2\/pages\/635"}],"collection":[{"href":"https:\/\/wieczorek-malecka.pl\/index.php?rest_route=\/wp\/v2\/pages"}],"about":[{"href":"https:\/\/wieczorek-malecka.pl\/index.php?rest_route=\/wp\/v2\/types\/page"}],"author":[{"embeddable":true,"href":"https:\/\/wieczorek-malecka.pl\/index.php?rest_route=\/wp\/v2\/users\/1"}],"replies":[{"embeddable":true,"href":"https:\/\/wieczorek-malecka.pl\/index.php?rest_route=%2Fwp%2Fv2%2Fcomments&post=635"}],"version-history":[{"count":131,"href":"https:\/\/wieczorek-malecka.pl\/index.php?rest_route=\/wp\/v2\/pages\/635\/revisions"}],"predecessor-version":[{"id":978,"href":"https:\/\/wieczorek-malecka.pl\/index.php?rest_route=\/wp\/v2\/pages\/635\/revisions\/978"}],"wp:attachment":[{"href":"https:\/\/wieczorek-malecka.pl\/index.php?rest_route=%2Fwp%2Fv2%2Fmedia&parent=635"}],"curies":[{"name":"wp","href":"https:\/\/api.w.org\/{rel}","templated":true}]}}